{"id":212011,"date":"2023-06-11T13:38:35","date_gmt":"2023-06-11T13:38:35","guid":{"rendered":"https:\/\/nancyhuettig.com\/?post_type=product&#038;p=212011"},"modified":"2024-08-09T11:39:05","modified_gmt":"2024-08-09T11:39:05","slug":"workshop","status":"publish","type":"product","link":"https:\/\/nancyhuettig.com\/de\/produkt\/workshop\/","title":{"rendered":"Einf\u00fchrung in die Ayurvedische Heilkunst &#8211; Ein Ayurvedischer Abend in Hamburg"},"content":{"rendered":"<h2><strong>Entdecke die Welt des Ayurveda und schaffe Bewusstsein f\u00fcr deine Gesundheit<\/strong>!<\/h2>\n<p>\u00a0<\/p>\n<p>In diesem Workshop lernst du, wie alles miteinander verbunden ist und warum es wertvoll ist, Ayurveda zu praktizieren und zu verstehen. Erfahre, was Ayurveda ist, wo es herkommt und wie kleine Ver\u00e4nderungen in deinem Lebensstil und deiner Denkweise dein Wohlbefinden beeinflussen k\u00f6nnen.<\/p>\n<p>Die Heilkunst des Ayurveda erkennt an, dass wir alle einzigartig sind, und daher gibt es keinen Ansatz, der f\u00fcr alle passt, wenn es um unsere Gesundheit geht. Stattdessen l\u00e4dt Ayurveda ein, ein Bewusstsein f\u00fcr deinen individuellen Konstitutionstypen zu entwickeln und lernt uns, wie unsere Lebensstil- und Ern\u00e4hrungspraktiken speziell auf unsere identifizierten Bed\u00fcrfnisse abgestimmt werden k\u00f6nnen.<\/p>\n<p>In diesem Workshop geht es darum, Bewusstsein f\u00fcr deine eigene Gesundheit zu schaffen und zu verstehen, wie Ayurveda dir dabei helfen kann. Du wirst deinen einzigartigen Dosha-Typ (K\u00f6rpertyp) entdecken und lernen, wie du dosha-spezifische Ver\u00e4nderungen in deinem Leben vornehmen kannst, um deine St\u00e4rken aufzubauen und pers\u00f6nliche Ungleichgewichte zu korrigieren, um eine optimale Gesundheit anzustreben.<\/p>\n<p>Du wirst deinen Dosha-Typ, die f\u00fcnf Elemente und die Bedeutung der Dinacharya, der t\u00e4glichen Routine, kennenlernen. Die Dinacharya ist das Fundament f\u00fcr unsere k\u00f6rperliche und geistige Gesundheit.<\/p>\n<p>Ayurveda ist eine Wissenschaft mit all ihrem mystischen Charme, die in gutem alten gesunden Menschenverstand verwurzelt ist. Wenn Sie offen f\u00fcr das Potenzial sind, das Ayurveda Ihnen in Bezug auf Ihre Gesundheit, Ihr Leben und Ihr Gl\u00fcck bietet, ist dieser Workshop genau das Richtige f\u00fcr Sie.<\/p>\n<p>Komm und entdecke, wie Ayurveda dir helfen kann, ein gesundes und ausgewogenes Leben zu f\u00fchren!<\/p>\n<p>Finde Freude und Gl\u00fcck in deinem Alltag.<\/p>\n<p>Workshop-Inhalte:<\/p>\n<ul>\n<li>Einf\u00fchrung in Ayurveda und seine Bedeutung f\u00fcr die Gesundheit<\/li>\n<li>Dosha-Typen: Entdecke deinen einzigartigen Konstitutionstyp<\/li>\n<li>Die f\u00fcnf Elemente und ihre Rolle im Ayurveda<\/li>\n<li>Dinacharya: Die Bedeutung der t\u00e4glichen Routine f\u00fcr Wohlbefinden<\/li>\n<li>Praktische Tipps zur Balance der Doshas<\/li>\n<li>Die Kraft einer ayurvedischen Ern\u00e4hrung: 10 einfache Tipps<\/li>\n<li>Restorative und Entspannungsmeditation mit Clara<\/li>\n<\/ul>\n<p>\u00dcber die Workshop Leiterin &#8211; Nancy Huettig:<\/p>\n<p>Nancys Ayurveda-Reise begann vor 8 Jahren, als sie anfing, mit indischen Ayurveda-\u00c4rzten in Indien zu studieren. Mit \u00fcber 10 Jahren Erfahrung im Praktizieren von Yoga wurde sie von den ganzheitlichen Prinzipien des Ayurveda und dessen m\u00e4chtigem Einfluss auf das allgemeine Wohlbefinden angezogen.\u00a0Sie hat ihre F\u00e4higkeiten als Ayurveda-Lifestyle-Praktikerin, und -Therapeutin sowie als Yoga-Lehrerin verfeinert und nutzt ihr Wissen, um andere auf dem Weg zu einem ausgewogeneren und erf\u00fcllteren Leben zu begleiten. Nancy lebt seit \u00fcber 7 Jahren auf Koh Phangan in Thailand. Ihre Mission ist es, K\u00f6rper-Geist-Bewusstsein zu vermitteln und ihre Klienten durch die Nutzung ayurvedischer Weisheit und universeller Leitlinien zu h\u00f6heren Ebenen des Selbstbewusstseins und Mindsets zu f\u00fchren.<\/p>\n<p>Nancy ist die Gr\u00fcnderin von AyuForLife Koh Phangan. Das einzige Ayurveda-Gesundheitszentrum auf Koh Phangan.<\/p>\n<p>Lass das Ayurvedische Licht in dein Leben strahlen!<\/p>\n<p>(\u3063\u25d4\u25e1\u25d4)\u3063 Erfahre mehr \u00fcber Nancy:<\/p>\n<blockquote class=\"wp-embedded-content\" data-secret=\"5VVkPCaXdv\"><p><a href=\"https:\/\/nancyhuettig.com\/de\/about\/\">About<\/a><\/p><\/blockquote>\n<p><iframe loading=\"lazy\" class=\"wp-embedded-content\" sandbox=\"allow-scripts\" security=\"restricted\" style=\"position: absolute; clip: rect(1px, 1px, 1px, 1px);\" title=\"&#8220;About&#8221; &#8212; Nancy Huettig\" src=\"https:\/\/nancyhuettig.com\/about\/embed\/#?secret=A9Mz6wG39Q#?secret=5VVkPCaXdv\" data-secret=\"5VVkPCaXdv\" width=\"600\" height=\"338\" frameborder=\"0\" marginwidth=\"0\" marginheight=\"0\" scrolling=\"no\"><\/iframe><\/p>\n<p>\u00dcber die Mitveranstalterin \u2013 Clara Harms:<br \/>\nClara und Nancy haben sich auf Koh Phangan 2018 durch Ayurveda kennengelernt und seitdem arbeiten sie zusammen im Bereich Ayurveda und ganzheitliches Coaching.<br \/>\nSeitdem hat Clara ihr Leben nach vielen ayurvedischen Prinzipien ausgerichtet. Sie praktiziert schon seit langem Yoga und hat im Fr\u00fchjahr 2023 ihre Yogalehrerinnenausbildung auf Koh Phangan erfolgreich abgeschlossen.<br \/>\nIn diesem Workshop m\u00f6chten Clara und Nancy ihr umfangreiches Wissen und ihre wertvollen Erfahrungen mit Ayurveda teilen.<\/p>","protected":false},"excerpt":{"rendered":"<p><strong>21. Juni 2023 (Mittwoch)<\/strong><br \/>\n<strong>18:30 &#8211; 21:30 Uhr<\/strong><br \/>\nSigrid Molineus Yoga Studio, Bahrenfelder Str. 169, Hamburg- Altona<\/p>\n<p><strong>Preis: 39 Euro<\/strong><br \/>\n(Du erh\u00e4ltst eine Email von Nancy nach deiner Anmeldung mit den Zahlungsdetails)<\/p>","protected":false},"featured_media":212016,"comment_status":"open","ping_status":"closed","template":"","meta":{"_et_pb_use_builder":"off","_et_pb_old_content":"<h2><strong>Entdecke die Welt des Ayurveda und schaffe Bewusstsein f\u00fcr deine Gesundheit<\/strong>!<\/h2>\r\n&nbsp;\r\n\r\nIn diesem Workshop lernst du, wie alles miteinander verbunden ist und warum es wertvoll ist, Ayurveda zu praktizieren und zu verstehen. Erfahre, was Ayurveda ist, wo es herkommt und wie kleine Ver\u00e4nderungen in deinem Lebensstil und deiner Denkweise dein Wohlbefinden beeinflussen k\u00f6nnen.\r\n\r\nDie Heilkunst des Ayurveda erkennt an, dass wir alle einzigartig sind, und daher gibt es keinen Ansatz, der f\u00fcr alle passt, wenn es um unsere Gesundheit geht. Stattdessen l\u00e4dt Ayurveda ein, ein Bewusstsein f\u00fcr deinen individuellen Konstitutionstypen zu entwickeln und lernt uns, wie unsere Lebensstil- und Ern\u00e4hrungspraktiken speziell auf unsere identifizierten Bed\u00fcrfnisse abgestimmt werden k\u00f6nnen.\r\n\r\nIn diesem Workshop geht es darum, Bewusstsein f\u00fcr deine eigene Gesundheit zu schaffen und zu verstehen, wie Ayurveda dir dabei helfen kann. Du wirst deinen einzigartigen Dosha-Typ (K\u00f6rpertyp) entdecken und lernen, wie du dosha-spezifische Ver\u00e4nderungen in deinem Leben vornehmen kannst, um deine St\u00e4rken aufzubauen und pers\u00f6nliche Ungleichgewichte zu korrigieren, um eine optimale Gesundheit anzustreben.\r\n\r\nDu wirst deinen Dosha-Typ, die f\u00fcnf Elemente und die Bedeutung der Dinacharya, der t\u00e4glichen Routine, kennenlernen. Die Dinacharya ist das Fundament f\u00fcr unsere k\u00f6rperliche und geistige Gesundheit.\r\n\r\nAyurveda ist eine Wissenschaft mit all ihrem mystischen Charme, die in gutem alten gesunden Menschenverstand verwurzelt ist. Wenn Sie offen f\u00fcr das Potenzial sind, das Ayurveda Ihnen in Bezug auf Ihre Gesundheit, Ihr Leben und Ihr Gl\u00fcck bietet, ist dieser Workshop genau das Richtige f\u00fcr Sie.\r\n\r\nKomm und entdecke, wie Ayurveda dir helfen kann, ein gesundes und ausgewogenes Leben zu f\u00fchren!\r\n\r\nFinde Freude und Gl\u00fcck in deinem Alltag.\r\n\r\nWorkshop-Inhalte:\r\n<ul>\r\n \t<li>Einf\u00fchrung in Ayurveda und seine Bedeutung f\u00fcr die Gesundheit<\/li>\r\n \t<li>Dosha-Typen: Entdecke deinen einzigartigen Konstitutionstyp<\/li>\r\n \t<li>Die f\u00fcnf Elemente und ihre Rolle im Ayurveda<\/li>\r\n \t<li>Dinacharya: Die Bedeutung der t\u00e4glichen Routine f\u00fcr Wohlbefinden<\/li>\r\n \t<li>Praktische Tipps zur Balance der Doshas<\/li>\r\n \t<li>Die Kraft einer ayurvedischen Ern\u00e4hrung: 10 einfache Tipps<\/li>\r\n \t<li>Restorative und Entspannungsmeditation mit Clara<\/li>\r\n<\/ul>\r\n\u00dcber die Workshop Leiterin - Nancy Huettig:\r\n\r\nNancys Ayurveda-Reise begann vor 8 Jahren, als sie anfing, mit indischen Ayurveda-\u00c4rzten in Indien zu studieren. Mit \u00fcber 10 Jahren Erfahrung im Praktizieren von Yoga wurde sie von den ganzheitlichen Prinzipien des Ayurveda und dessen m\u00e4chtigem Einfluss auf das allgemeine Wohlbefinden angezogen.\u00a0Sie hat ihre F\u00e4higkeiten als Ayurveda-Lifestyle-Praktikerin, und -Therapeutin sowie als Yoga-Lehrerin verfeinert und nutzt ihr Wissen, um andere auf dem Weg zu einem ausgewogeneren und erf\u00fcllteren Leben zu begleiten. Nancy lebt seit \u00fcber 7 Jahren auf Koh Phangan in Thailand. Ihre Mission ist es, K\u00f6rper-Geist-Bewusstsein zu vermitteln und ihre Klienten durch die Nutzung ayurvedischer Weisheit und universeller Leitlinien zu h\u00f6heren Ebenen des Selbstbewusstseins und Mindsets zu f\u00fchren.\r\n\r\nNancy ist die Gr\u00fcnderin von AyuForLife Koh Phangan. Das einzige Ayurveda-Gesundheitszentrum auf Koh Phangan.\r\n\r\nLass das Ayurvedische Licht in dein Leben strahlen!\r\n\r\n(\u3063\u25d4\u25e1\u25d4)\u3063 Erfahre mehr \u00fcber Nancy:\r\nhttps:\/\/nancyhuettig.com\/about\/\r\n\r\n\u00dcber die Mitveranstalterin \u2013 Clara Harms:\r\nClara und Nancy haben sich auf Koh Phangan 2018 durch Ayurveda kennengelernt und seitdem arbeiten sie zusammen im Bereich Ayurveda und ganzheitliches Coaching.\r\nSeitdem hat Clara ihr Leben nach vielen ayurvedischen Prinzipien ausgerichtet. Sie praktiziert schon seit langem Yoga und hat im Fr\u00fchjahr 2023 ihre Yogalehrerinnenausbildung auf Koh Phangan erfolgreich abgeschlossen. \r\nIn diesem Workshop m\u00f6chten Clara und Nancy ihr umfangreiches Wissen und ihre wertvollen Erfahrungen mit Ayurveda teilen.","_et_gb_content_width":""},"product_brand":[],"product_cat":[45],"product_tag":[],"class_list":{"0":"post-212011","1":"product","2":"type-product","3":"status-publish","4":"has-post-thumbnail","6":"product_cat-workshop","8":"first","9":"instock","10":"shipping-taxable","11":"product-type-simple"},"yoast_head":"<!-- This site is optimized with the Yoast SEO plugin v27.3 - https:\/\/yoast.com\/product\/yoast-seo-wordpress\/ -->\n<title>Einf\u00fchrung in die Ayurvedische Heilkunst - Ein Ayurvedischer Abend in Hamburg - Nancy Huettig<\/title>\n<meta name=\"description\" content=\"-2803\" \/>\n<meta name=\"robots\" content=\"index, follow, max-snippet:-1, max-image-preview:large, max-video-preview:-1\" \/>\n<link rel=\"canonical\" href=\"https:\/\/nancyhuettig.com\/de\/produkt\/workshop\/\" \/>\n<meta property=\"og:locale\" content=\"de_DE\" \/>\n<meta property=\"og:type\" content=\"article\" \/>\n<meta property=\"og:title\" content=\"Einf\u00fchrung in die Ayurvedische Heilkunst - Ein Ayurvedischer Abend in Hamburg - Nancy Huettig\" \/>\n<meta property=\"og:description\" content=\"-2803\" \/>\n<meta property=\"og:url\" content=\"https:\/\/nancyhuettig.com\/de\/produkt\/workshop\/\" \/>\n<meta property=\"og:site_name\" content=\"Nancy Huettig\" \/>\n<meta property=\"article:modified_time\" content=\"2024-08-09T11:39:05+00:00\" \/>\n<meta property=\"og:image\" content=\"https:\/\/nancyhuettig.com\/wp-content\/uploads\/2023\/06\/Einfuhrung-in-die-Ayurvedische-Heilkunst.jpg\" \/>\n\t<meta property=\"og:image:width\" content=\"1000\" \/>\n\t<meta property=\"og:image:height\" content=\"667\" \/>\n\t<meta property=\"og:image:type\" content=\"image\/jpeg\" \/>\n<meta name=\"twitter:card\" content=\"summary_large_image\" \/>\n<meta name=\"twitter:label1\" content=\"Gesch\u00e4tzte Lesezeit\" \/>\n\t<meta name=\"twitter:data1\" content=\"1\u00a0Minute\" \/>\n<script type=\"application\/ld+json\" class=\"yoast-schema-graph\">{\"@context\":\"https:\\\/\\\/schema.org\",\"@graph\":[{\"@type\":\"WebPage\",\"@id\":\"https:\\\/\\\/nancyhuettig.com\\\/product\\\/workshop\\\/\",\"url\":\"https:\\\/\\\/nancyhuettig.com\\\/product\\\/workshop\\\/\",\"name\":\"Einf\u00fchrung in die Ayurvedische Heilkunst - Ein Ayurvedischer Abend in Hamburg - Nancy Huettig\",\"isPartOf\":{\"@id\":\"https:\\\/\\\/nancyhuettig.com\\\/#website\"},\"primaryImageOfPage\":{\"@id\":\"https:\\\/\\\/nancyhuettig.com\\\/product\\\/workshop\\\/#primaryimage\"},\"image\":{\"@id\":\"https:\\\/\\\/nancyhuettig.com\\\/product\\\/workshop\\\/#primaryimage\"},\"thumbnailUrl\":\"https:\\\/\\\/nancyhuettig.com\\\/wp-content\\\/uploads\\\/2023\\\/06\\\/Einfuhrung-in-die-Ayurvedische-Heilkunst.jpg\",\"datePublished\":\"2023-06-11T13:38:35+00:00\",\"dateModified\":\"2024-08-09T11:39:05+00:00\",\"description\":\"-2803\",\"breadcrumb\":{\"@id\":\"https:\\\/\\\/nancyhuettig.com\\\/product\\\/workshop\\\/#breadcrumb\"},\"inLanguage\":\"de\",\"potentialAction\":[{\"@type\":\"ReadAction\",\"target\":[\"https:\\\/\\\/nancyhuettig.com\\\/product\\\/workshop\\\/\"]}]},{\"@type\":\"ImageObject\",\"inLanguage\":\"de\",\"@id\":\"https:\\\/\\\/nancyhuettig.com\\\/product\\\/workshop\\\/#primaryimage\",\"url\":\"https:\\\/\\\/nancyhuettig.com\\\/wp-content\\\/uploads\\\/2023\\\/06\\\/Einfuhrung-in-die-Ayurvedische-Heilkunst.jpg\",\"contentUrl\":\"https:\\\/\\\/nancyhuettig.com\\\/wp-content\\\/uploads\\\/2023\\\/06\\\/Einfuhrung-in-die-Ayurvedische-Heilkunst.jpg\",\"width\":1000,\"height\":667},{\"@type\":\"BreadcrumbList\",\"@id\":\"https:\\\/\\\/nancyhuettig.com\\\/product\\\/workshop\\\/#breadcrumb\",\"itemListElement\":[{\"@type\":\"ListItem\",\"position\":1,\"name\":\"Home\",\"item\":\"https:\\\/\\\/nancyhuettig.com\\\/\"},{\"@type\":\"ListItem\",\"position\":2,\"name\":\"Shop\",\"item\":\"https:\\\/\\\/nancyhuettig.com\\\/shop\\\/\"},{\"@type\":\"ListItem\",\"position\":3,\"name\":\"Einf\u00fchrung in die Ayurvedische Heilkunst &#8211; Ein Ayurvedischer Abend in Hamburg\"}]},{\"@type\":\"WebSite\",\"@id\":\"https:\\\/\\\/nancyhuettig.com\\\/#website\",\"url\":\"https:\\\/\\\/nancyhuettig.com\\\/\",\"name\":\"Nancy Huettig\",\"description\":\"\",\"potentialAction\":[{\"@type\":\"SearchAction\",\"target\":{\"@type\":\"EntryPoint\",\"urlTemplate\":\"https:\\\/\\\/nancyhuettig.com\\\/?s={search_term_string}\"},\"query-input\":{\"@type\":\"PropertyValueSpecification\",\"valueRequired\":true,\"valueName\":\"search_term_string\"}}],\"inLanguage\":\"de\"}]}<\/script>\n<!-- \/ Yoast SEO plugin. -->","yoast_head_json":{"title":"Einf\u00fchrung in die Ayurvedische Heilkunst - Ein Ayurvedischer Abend in Hamburg - Nancy Huettig","description":"-2803","robots":{"index":"index","follow":"follow","max-snippet":"max-snippet:-1","max-image-preview":"max-image-preview:large","max-video-preview":"max-video-preview:-1"},"canonical":"https:\/\/nancyhuettig.com\/de\/produkt\/workshop\/","og_locale":"de_DE","og_type":"article","og_title":"Einf\u00fchrung in die Ayurvedische Heilkunst - Ein Ayurvedischer Abend in Hamburg - Nancy Huettig","og_description":"-2803","og_url":"https:\/\/nancyhuettig.com\/de\/produkt\/workshop\/","og_site_name":"Nancy Huettig","article_modified_time":"2024-08-09T11:39:05+00:00","og_image":[{"width":1000,"height":667,"url":"https:\/\/nancyhuettig.com\/wp-content\/uploads\/2023\/06\/Einfuhrung-in-die-Ayurvedische-Heilkunst.jpg","type":"image\/jpeg"}],"twitter_card":"summary_large_image","twitter_misc":{"Gesch\u00e4tzte Lesezeit":"1\u00a0Minute"},"schema":{"@context":"https:\/\/schema.org","@graph":[{"@type":"WebPage","@id":"https:\/\/nancyhuettig.com\/product\/workshop\/","url":"https:\/\/nancyhuettig.com\/product\/workshop\/","name":"Einf\u00fchrung in die Ayurvedische Heilkunst - Ein Ayurvedischer Abend in Hamburg - Nancy Huettig","isPartOf":{"@id":"https:\/\/nancyhuettig.com\/#website"},"primaryImageOfPage":{"@id":"https:\/\/nancyhuettig.com\/product\/workshop\/#primaryimage"},"image":{"@id":"https:\/\/nancyhuettig.com\/product\/workshop\/#primaryimage"},"thumbnailUrl":"https:\/\/nancyhuettig.com\/wp-content\/uploads\/2023\/06\/Einfuhrung-in-die-Ayurvedische-Heilkunst.jpg","datePublished":"2023-06-11T13:38:35+00:00","dateModified":"2024-08-09T11:39:05+00:00","description":"-2803","breadcrumb":{"@id":"https:\/\/nancyhuettig.com\/product\/workshop\/#breadcrumb"},"inLanguage":"de","potentialAction":[{"@type":"ReadAction","target":["https:\/\/nancyhuettig.com\/product\/workshop\/"]}]},{"@type":"ImageObject","inLanguage":"de","@id":"https:\/\/nancyhuettig.com\/product\/workshop\/#primaryimage","url":"https:\/\/nancyhuettig.com\/wp-content\/uploads\/2023\/06\/Einfuhrung-in-die-Ayurvedische-Heilkunst.jpg","contentUrl":"https:\/\/nancyhuettig.com\/wp-content\/uploads\/2023\/06\/Einfuhrung-in-die-Ayurvedische-Heilkunst.jpg","width":1000,"height":667},{"@type":"BreadcrumbList","@id":"https:\/\/nancyhuettig.com\/product\/workshop\/#breadcrumb","itemListElement":[{"@type":"ListItem","position":1,"name":"Home","item":"https:\/\/nancyhuettig.com\/"},{"@type":"ListItem","position":2,"name":"Shop","item":"https:\/\/nancyhuettig.com\/shop\/"},{"@type":"ListItem","position":3,"name":"Einf\u00fchrung in die Ayurvedische Heilkunst &#8211; Ein Ayurvedischer Abend in Hamburg"}]},{"@type":"WebSite","@id":"https:\/\/nancyhuettig.com\/#website","url":"https:\/\/nancyhuettig.com\/","name":"Nancy Huettig","description":"","potentialAction":[{"@type":"SearchAction","target":{"@type":"EntryPoint","urlTemplate":"https:\/\/nancyhuettig.com\/?s={search_term_string}"},"query-input":{"@type":"PropertyValueSpecification","valueRequired":true,"valueName":"search_term_string"}}],"inLanguage":"de"}]}},"_links":{"self":[{"href":"https:\/\/nancyhuettig.com\/de\/wp-json\/wp\/v2\/product\/212011","targetHints":{"allow":["GET"]}}],"collection":[{"href":"https:\/\/nancyhuettig.com\/de\/wp-json\/wp\/v2\/product"}],"about":[{"href":"https:\/\/nancyhuettig.com\/de\/wp-json\/wp\/v2\/types\/product"}],"replies":[{"embeddable":true,"href":"https:\/\/nancyhuettig.com\/de\/wp-json\/wp\/v2\/comments?post=212011"}],"wp:featuredmedia":[{"embeddable":true,"href":"https:\/\/nancyhuettig.com\/de\/wp-json\/wp\/v2\/media\/212016"}],"wp:attachment":[{"href":"https:\/\/nancyhuettig.com\/de\/wp-json\/wp\/v2\/media?parent=212011"}],"wp:term":[{"taxonomy":"product_brand","embeddable":true,"href":"https:\/\/nancyhuettig.com\/de\/wp-json\/wp\/v2\/product_brand?post=212011"},{"taxonomy":"product_cat","embeddable":true,"href":"https:\/\/nancyhuettig.com\/de\/wp-json\/wp\/v2\/product_cat?post=212011"},{"taxonomy":"product_tag","embeddable":true,"href":"https:\/\/nancyhuettig.com\/de\/wp-json\/wp\/v2\/product_tag?post=212011"}],"curies":[{"name":"wp","href":"https:\/\/api.w.org\/{rel}","templated":true}]}}